{"id":256,"date":"2018-06-09T06:54:42","date_gmt":"2018-06-09T04:54:42","guid":{"rendered":"http:\/\/staging.webdex.at\/gerlitzen\/allgemeine-infos\/"},"modified":"2021-04-23T08:17:09","modified_gmt":"2021-04-23T06:17:09","slug":"general-information","status":"publish","type":"page","link":"https:\/\/www.gipfelstrasse.at\/en\/general-information\/","title":{"rendered":"General information"},"content":{"rendered":"\t\t<div data-elementor-type=\"wp-page\" data-elementor-id=\"256\" class=\"elementor elementor-256 elementor-16\">\n\t\t\t\t\t\t<section class=\"elementor-section elementor-top-section elementor-element elementor-element-baa26da elementor-section-height-min-height elementor-section-boxed elementor-section-height-default elementor-section-items-middle\" data-id=\"baa26da\" data-element_type=\"section\" data-settings=\"{&quot;background_background&quot;:&quot;classic&quot;}\">\n\t\t\t\t\t\t<div class=\"elementor-container elementor-column-gap-default\">\n\t\t\t\t\t<div class=\"elementor-column elementor-col-100 elementor-top-column elementor-element elementor-element-6fdc1a1\" data-id=\"6fdc1a1\" data-element_type=\"column\">\n\t\t\t<div class=\"elementor-widget-wrap elementor-element-populated\">\n\t\t\t\t\t\t<div class=\"elementor-element elementor-element-78f0f54e elementor-widget elementor-widget-heading\" data-id=\"78f0f54e\" data-element_type=\"widget\" data-widget_type=\"heading.default\">\n\t\t\t\t<div class=\"elementor-widget-container\">\n\t\t\t\t\t<h1 class=\"elementor-heading-title elementor-size-default\">Gerlitzen<BR><span style=\"color:#FEA709\"> Gipfelstrasse<\/h1>\t\t\t\t<\/div>\n\t\t\t\t<\/div>\n\t\t\t\t\t<\/div>\n\t\t<\/div>\n\t\t\t\t\t<\/div>\n\t\t<\/section>\n\t\t\t\t<section class=\"elementor-section elementor-top-section elementor-element elementor-element-35607f08 elementor-section-boxed elementor-section-height-default elementor-section-height-default\" data-id=\"35607f08\" data-element_type=\"section\" data-settings=\"{&quot;background_background&quot;:&quot;classic&quot;}\">\n\t\t\t\t\t\t<div class=\"elementor-container elementor-column-gap-no\">\n\t\t\t\t\t<div class=\"elementor-column elementor-col-25 elementor-top-column elementor-element elementor-element-791b9e91\" data-id=\"791b9e91\" data-element_type=\"column\">\n\t\t\t<div class=\"elementor-widget-wrap elementor-element-populated\">\n\t\t\t\t\t\t<div class=\"elementor-element elementor-element-183ca95a elementor-view-stacked elementor-shape-circle elementor-position-top elementor-mobile-position-top elementor-widget elementor-widget-icon-box\" data-id=\"183ca95a\" data-element_type=\"widget\" data-widget_type=\"icon-box.default\">\n\t\t\t\t<div class=\"elementor-widget-container\">\n\t\t\t\t\t\t\t<div class=\"elementor-icon-box-wrapper\">\n\n\t\t\t\t\t\t<div class=\"elementor-icon-box-icon\">\n\t\t\t\t<span  class=\"elementor-icon\">\n\t\t\t\t<i aria-hidden=\"true\" class=\"fas fa-running\"><\/i>\t\t\t\t<\/span>\n\t\t\t<\/div>\n\t\t\t\n\t\t\t\t\t\t<div class=\"elementor-icon-box-content\">\n\n\t\t\t\t\t\t\t\t\t<h3 class=\"elementor-icon-box-title\">\n\t\t\t\t\t\t<span  >\n\t\t\t\t\t\t\tFor mountaineers\t\t\t\t\t\t<\/span>\n\t\t\t\t\t<\/h3>\n\t\t\t\t\n\t\t\t\t\n\t\t\t<\/div>\n\t\t\t\n\t\t<\/div>\n\t\t\t\t\t\t<\/div>\n\t\t\t\t<\/div>\n\t\t\t\t\t<\/div>\n\t\t<\/div>\n\t\t\t\t<div class=\"elementor-column elementor-col-25 elementor-top-column elementor-element elementor-element-7fc9197f\" data-id=\"7fc9197f\" data-element_type=\"column\">\n\t\t\t<div class=\"elementor-widget-wrap elementor-element-populated\">\n\t\t\t\t\t\t<div class=\"elementor-element elementor-element-288344e8 elementor-view-stacked elementor-shape-circle elementor-position-top elementor-mobile-position-top elementor-widget elementor-widget-icon-box\" data-id=\"288344e8\" data-element_type=\"widget\" data-widget_type=\"icon-box.default\">\n\t\t\t\t<div class=\"elementor-widget-container\">\n\t\t\t\t\t\t\t<div class=\"elementor-icon-box-wrapper\">\n\n\t\t\t\t\t\t<div class=\"elementor-icon-box-icon\">\n\t\t\t\t<span  class=\"elementor-icon\">\n\t\t\t\t<i aria-hidden=\"true\" class=\"fas fa-people-arrows\"><\/i>\t\t\t\t<\/span>\n\t\t\t<\/div>\n\t\t\t\n\t\t\t\t\t\t<div class=\"elementor-icon-box-content\">\n\n\t\t\t\t\t\t\t\t\t<h3 class=\"elementor-icon-box-title\">\n\t\t\t\t\t\t<span  >\n\t\t\t\t\t\t\tFamily walks\t\t\t\t\t\t<\/span>\n\t\t\t\t\t<\/h3>\n\t\t\t\t\n\t\t\t\t\n\t\t\t<\/div>\n\t\t\t\n\t\t<\/div>\n\t\t\t\t\t\t<\/div>\n\t\t\t\t<\/div>\n\t\t\t\t\t<\/div>\n\t\t<\/div>\n\t\t\t\t<div class=\"elementor-column elementor-col-25 elementor-top-column elementor-element elementor-element-7655f15f\" data-id=\"7655f15f\" data-element_type=\"column\">\n\t\t\t<div class=\"elementor-widget-wrap elementor-element-populated\">\n\t\t\t\t\t\t<div class=\"elementor-element elementor-element-21a1e52a elementor-view-stacked elementor-shape-circle elementor-position-top elementor-mobile-position-top elementor-widget elementor-widget-icon-box\" data-id=\"21a1e52a\" data-element_type=\"widget\" data-widget_type=\"icon-box.default\">\n\t\t\t\t<div class=\"elementor-widget-container\">\n\t\t\t\t\t\t\t<div class=\"elementor-icon-box-wrapper\">\n\n\t\t\t\t\t\t<div class=\"elementor-icon-box-icon\">\n\t\t\t\t<span  class=\"elementor-icon\">\n\t\t\t\t<i aria-hidden=\"true\" class=\"fab fa-fly\"><\/i>\t\t\t\t<\/span>\n\t\t\t<\/div>\n\t\t\t\n\t\t\t\t\t\t<div class=\"elementor-icon-box-content\">\n\n\t\t\t\t\t\t\t\t\t<h3 class=\"elementor-icon-box-title\">\n\t\t\t\t\t\t<span  >\n\t\t\t\t\t\t\tParaglider\t\t\t\t\t\t<\/span>\n\t\t\t\t\t<\/h3>\n\t\t\t\t\n\t\t\t\t\n\t\t\t<\/div>\n\t\t\t\n\t\t<\/div>\n\t\t\t\t\t\t<\/div>\n\t\t\t\t<\/div>\n\t\t\t\t\t<\/div>\n\t\t<\/div>\n\t\t\t\t<div class=\"elementor-column elementor-col-25 elementor-top-column elementor-element elementor-element-2343aa80\" data-id=\"2343aa80\" data-element_type=\"column\">\n\t\t\t<div class=\"elementor-widget-wrap elementor-element-populated\">\n\t\t\t\t\t\t<div class=\"elementor-element elementor-element-19040899 elementor-view-stacked elementor-shape-circle elementor-position-top elementor-mobile-position-top elementor-widget elementor-widget-icon-box\" data-id=\"19040899\" data-element_type=\"widget\" data-widget_type=\"icon-box.default\">\n\t\t\t\t<div class=\"elementor-widget-container\">\n\t\t\t\t\t\t\t<div class=\"elementor-icon-box-wrapper\">\n\n\t\t\t\t\t\t<div class=\"elementor-icon-box-icon\">\n\t\t\t\t<span  class=\"elementor-icon\">\n\t\t\t\t<i aria-hidden=\"true\" class=\"fas fa-plane\"><\/i>\t\t\t\t<\/span>\n\t\t\t<\/div>\n\t\t\t\n\t\t\t\t\t\t<div class=\"elementor-icon-box-content\">\n\n\t\t\t\t\t\t\t\t\t<h3 class=\"elementor-icon-box-title\">\n\t\t\t\t\t\t<span  >\n\t\t\t\t\t\t\tModel airplane\t\t\t\t\t\t<\/span>\n\t\t\t\t\t<\/h3>\n\t\t\t\t\n\t\t\t\t\n\t\t\t<\/div>\n\t\t\t\n\t\t<\/div>\n\t\t\t\t\t\t<\/div>\n\t\t\t\t<\/div>\n\t\t\t\t\t<\/div>\n\t\t<\/div>\n\t\t\t\t\t<\/div>\n\t\t<\/section>\n\t\t\t\t<section class=\"elementor-section elementor-top-section elementor-element elementor-element-e4507f6 elementor-section-boxed elementor-section-height-default elementor-section-height-default\" data-id=\"e4507f6\" data-element_type=\"section\">\n\t\t\t\t\t\t<div class=\"elementor-container elementor-column-gap-default\">\n\t\t\t\t\t<div class=\"elementor-column elementor-col-100 elementor-top-column elementor-element elementor-element-5fa1949\" data-id=\"5fa1949\" data-element_type=\"column\">\n\t\t\t<div class=\"elementor-widget-wrap elementor-element-populated\">\n\t\t\t\t\t\t<div class=\"elementor-element elementor-element-0d8fe8b elementor-widget elementor-widget-text-editor\" data-id=\"0d8fe8b\" data-element_type=\"widget\" data-widget_type=\"text-editor.default\">\n\t\t\t\t<div class=\"elementor-widget-container\">\n\t\t\t\t\t\t\t\t\t<p>Die Aussichtsgipfelstrasse auf die Gerlitze geh\u00f6rt ohne Zweifel zu den sch\u00f6nsten in \u00d6sterreich. Nur auf 3 Bergen im Bundesgebiet ist es \u00fcberhaupt m\u00f6glich, bis auf den Gipfel zu fahren.<\/p>\n<p>Die zentrale Lage der Gerlitze in K\u00e4rnten erm\u00f6glicht am Gipfel einen besonders beeindruckenden 360\u00b0 Rundblick. Nach Westen bis zum Gro\u00dfglockner, nach Osten bis zur Kor- und Packalpe, nach S\u00fcden hin erblickt man die Karawanken und Julischen Alpen und nach Norden die Hohen und Niederen Tauern und die Nockberge.<\/p>\n<p>Der sanfte gr\u00fcne Gipfel oberhalb der Baum- und Nebelgrenze bietet einen unbeschreiblich sch\u00f6nen Rundblick auf ganz K\u00e4rnten. Wie in einer Miniaturlandschaft liegen dem Betrachter St\u00e4dte, D\u00f6rfer und Seen zu F\u00fc\u00dfen.\u00a0Man f\u00fchlt sich dem Alltag entronnen und dem Himmel ein St\u00fcck n\u00e4her.<\/p>\n\t\t\t\t\t\t\t\t<\/div>\n\t\t\t\t<\/div>\n\t\t\t\t\t<\/div>\n\t\t<\/div>\n\t\t\t\t\t<\/div>\n\t\t<\/section>\n\t\t\t\t<section class=\"elementor-section elementor-top-section elementor-element elementor-element-4e80956f elementor-section-boxed elementor-section-height-default elementor-section-height-default\" data-id=\"4e80956f\" data-element_type=\"section\">\n\t\t\t\t\t\t<div class=\"elementor-container elementor-column-gap-no\">\n\t\t\t\t\t<div class=\"elementor-column elementor-col-100 elementor-top-column elementor-element elementor-element-630f1f5e\" data-id=\"630f1f5e\" data-element_type=\"column\">\n\t\t\t<div class=\"elementor-widget-wrap elementor-element-populated\">\n\t\t\t\t\t\t<div class=\"elementor-element elementor-element-246f8f26 elementor-widget elementor-widget-heading\" data-id=\"246f8f26\" data-element_type=\"widget\" data-widget_type=\"heading.default\">\n\t\t\t\t<div class=\"elementor-widget-container\">\n\t\t\t\t\t<h2 class=\"elementor-heading-title elementor-size-default\">Relax. Experience. Enjoy the view!<\/h2>\t\t\t\t<\/div>\n\t\t\t\t<\/div>\n\t\t\t\t\t<\/div>\n\t\t<\/div>\n\t\t\t\t\t<\/div>\n\t\t<\/section>\n\t\t\t\t<\/div>\n\t\t","protected":false},"excerpt":{"rendered":"<p>Gerlitzen Gipfelstrasse For mountaineers Family walks Paraglider Model airplane Die Aussichtsgipfelstrasse auf die Gerlitze geh\u00f6rt ohne Zweifel zu den sch\u00f6nsten in \u00d6sterreich. Nur auf 3 Bergen im Bundesgebiet ist es \u00fcberhaupt m\u00f6glich, bis auf den Gipfel zu fahren. Die zentrale Lage der Gerlitze in K\u00e4rnten erm\u00f6glicht am Gipfel einen besonders beeindruckenden 360\u00b0 Rundblick. Nach Westen [&hellip;]<\/p>\n","protected":false},"author":2,"featured_media":0,"parent":0,"menu_order":0,"comment_status":"closed","ping_status":"closed","template":"","meta":{"footnotes":""},"class_list":["post-256","page","type-page","status-publish","hentry"],"yoast_head":"<!-- This site is optimized with the Yoast SEO plugin v27.4 - https:\/\/yoast.com\/product\/yoast-seo-wordpress\/ -->\n<title>General information - Bringungsgemeinschaft FAW Sauerwald - Gerlitzen<\/title>\n<meta name=\"description\" content=\"The panoramic road to the Gerlitzen is without a doubt one of the most beautiful in Austria.\" \/>\n<meta name=\"robots\" content=\"index, follow, max-snippet:-1, max-image-preview:large, max-video-preview:-1\" \/>\n<link rel=\"canonical\" href=\"https:\/\/www.gipfelstrasse.at\/en\/general-information\/\" \/>\n<meta property=\"og:locale\" content=\"en_US\" \/>\n<meta property=\"og:type\" content=\"article\" \/>\n<meta property=\"og:title\" content=\"General information - Bringungsgemeinschaft FAW Sauerwald - Gerlitzen\" \/>\n<meta property=\"og:description\" content=\"The panoramic road to the Gerlitzen is without a doubt one of the most beautiful in Austria.\" \/>\n<meta property=\"og:url\" content=\"https:\/\/www.gipfelstrasse.at\/en\/general-information\/\" \/>\n<meta property=\"og:site_name\" content=\"Bringungsgemeinschaft FAW Sauerwald - Gerlitzen\" \/>\n<meta property=\"article:publisher\" content=\"https:\/\/www.facebook.com\/pages\/Gerlitzen-Gipfelstra%c3%9fe\/166033060243010\" \/>\n<meta property=\"article:modified_time\" content=\"2021-04-23T06:17:09+00:00\" \/>\n<meta name=\"twitter:card\" content=\"summary_large_image\" \/>\n<meta name=\"twitter:label1\" content=\"Est. reading time\" \/>\n\t<meta name=\"twitter:data1\" content=\"1 minute\" \/>\n<script type=\"application\/ld+json\" class=\"yoast-schema-graph\">{\"@context\":\"https:\\\/\\\/schema.org\",\"@graph\":[{\"@type\":\"WebPage\",\"@id\":\"https:\\\/\\\/www.gipfelstrasse.at\\\/en\\\/general-information\\\/\",\"url\":\"https:\\\/\\\/www.gipfelstrasse.at\\\/en\\\/general-information\\\/\",\"name\":\"General information - Bringungsgemeinschaft FAW Sauerwald - Gerlitzen\",\"isPartOf\":{\"@id\":\"https:\\\/\\\/www.gipfelstrasse.at\\\/#website\"},\"datePublished\":\"2018-06-09T04:54:42+00:00\",\"dateModified\":\"2021-04-23T06:17:09+00:00\",\"description\":\"The panoramic road to the Gerlitzen is without a doubt one of the most beautiful in Austria.\",\"breadcrumb\":{\"@id\":\"https:\\\/\\\/www.gipfelstrasse.at\\\/en\\\/general-information\\\/#breadcrumb\"},\"inLanguage\":\"en-US\",\"potentialAction\":[{\"@type\":\"ReadAction\",\"target\":[\"https:\\\/\\\/www.gipfelstrasse.at\\\/en\\\/general-information\\\/\"]}]},{\"@type\":\"BreadcrumbList\",\"@id\":\"https:\\\/\\\/www.gipfelstrasse.at\\\/en\\\/general-information\\\/#breadcrumb\",\"itemListElement\":[{\"@type\":\"ListItem\",\"position\":1,\"name\":\"Startseite\",\"item\":\"https:\\\/\\\/www.gipfelstrasse.at\\\/\"},{\"@type\":\"ListItem\",\"position\":2,\"name\":\"General information\"}]},{\"@type\":\"WebSite\",\"@id\":\"https:\\\/\\\/www.gipfelstrasse.at\\\/#website\",\"url\":\"https:\\\/\\\/www.gipfelstrasse.at\\\/\",\"name\":\"Bringungsgemeinschaft FAW Sauerwald - Gerlitzen\",\"description\":\"RUNDBLICK K\u00c4RNTEN Die Gerlitzen Gipfelstra\u00dfe\",\"publisher\":{\"@id\":\"https:\\\/\\\/www.gipfelstrasse.at\\\/#organization\"},\"potentialAction\":[{\"@type\":\"SearchAction\",\"target\":{\"@type\":\"EntryPoint\",\"urlTemplate\":\"https:\\\/\\\/www.gipfelstrasse.at\\\/?s={search_term_string}\"},\"query-input\":{\"@type\":\"PropertyValueSpecification\",\"valueRequired\":true,\"valueName\":\"search_term_string\"}}],\"inLanguage\":\"en-US\"},{\"@type\":\"Organization\",\"@id\":\"https:\\\/\\\/www.gipfelstrasse.at\\\/#organization\",\"name\":\"Bringungsgemeinschaft FAW Sauerwald - Gerlitzen\",\"url\":\"https:\\\/\\\/www.gipfelstrasse.at\\\/\",\"logo\":{\"@type\":\"ImageObject\",\"inLanguage\":\"en-US\",\"@id\":\"https:\\\/\\\/www.gipfelstrasse.at\\\/#\\\/schema\\\/logo\\\/image\\\/\",\"url\":\"https:\\\/\\\/www.gipfelstrasse.at\\\/wp-content\\\/uploads\\\/2018\\\/06\\\/cropped-gerlitzen_gipfelstrasse_headerlogo_dark.png\",\"contentUrl\":\"https:\\\/\\\/www.gipfelstrasse.at\\\/wp-content\\\/uploads\\\/2018\\\/06\\\/cropped-gerlitzen_gipfelstrasse_headerlogo_dark.png\",\"width\":1335,\"height\":311,\"caption\":\"Bringungsgemeinschaft FAW Sauerwald - Gerlitzen\"},\"image\":{\"@id\":\"https:\\\/\\\/www.gipfelstrasse.at\\\/#\\\/schema\\\/logo\\\/image\\\/\"},\"sameAs\":[\"https:\\\/\\\/www.facebook.com\\\/pages\\\/Gerlitzen-Gipfelstra\u00dfe\\\/166033060243010\"]}]}<\/script>\n<!-- \/ Yoast SEO plugin. -->","yoast_head_json":{"title":"General information - Bringungsgemeinschaft FAW Sauerwald - Gerlitzen","description":"The panoramic road to the Gerlitzen is without a doubt one of the most beautiful in Austria.","robots":{"index":"index","follow":"follow","max-snippet":"max-snippet:-1","max-image-preview":"max-image-preview:large","max-video-preview":"max-video-preview:-1"},"canonical":"https:\/\/www.gipfelstrasse.at\/en\/general-information\/","og_locale":"en_US","og_type":"article","og_title":"General information - Bringungsgemeinschaft FAW Sauerwald - Gerlitzen","og_description":"The panoramic road to the Gerlitzen is without a doubt one of the most beautiful in Austria.","og_url":"https:\/\/www.gipfelstrasse.at\/en\/general-information\/","og_site_name":"Bringungsgemeinschaft FAW Sauerwald - Gerlitzen","article_publisher":"https:\/\/www.facebook.com\/pages\/Gerlitzen-Gipfelstra%c3%9fe\/166033060243010","article_modified_time":"2021-04-23T06:17:09+00:00","twitter_card":"summary_large_image","twitter_misc":{"Est. reading time":"1 minute"},"schema":{"@context":"https:\/\/schema.org","@graph":[{"@type":"WebPage","@id":"https:\/\/www.gipfelstrasse.at\/en\/general-information\/","url":"https:\/\/www.gipfelstrasse.at\/en\/general-information\/","name":"General information - Bringungsgemeinschaft FAW Sauerwald - Gerlitzen","isPartOf":{"@id":"https:\/\/www.gipfelstrasse.at\/#website"},"datePublished":"2018-06-09T04:54:42+00:00","dateModified":"2021-04-23T06:17:09+00:00","description":"The panoramic road to the Gerlitzen is without a doubt one of the most beautiful in Austria.","breadcrumb":{"@id":"https:\/\/www.gipfelstrasse.at\/en\/general-information\/#breadcrumb"},"inLanguage":"en-US","potentialAction":[{"@type":"ReadAction","target":["https:\/\/www.gipfelstrasse.at\/en\/general-information\/"]}]},{"@type":"BreadcrumbList","@id":"https:\/\/www.gipfelstrasse.at\/en\/general-information\/#breadcrumb","itemListElement":[{"@type":"ListItem","position":1,"name":"Startseite","item":"https:\/\/www.gipfelstrasse.at\/"},{"@type":"ListItem","position":2,"name":"General information"}]},{"@type":"WebSite","@id":"https:\/\/www.gipfelstrasse.at\/#website","url":"https:\/\/www.gipfelstrasse.at\/","name":"Bringungsgemeinschaft FAW Sauerwald - Gerlitzen","description":"RUNDBLICK K\u00c4RNTEN Die Gerlitzen Gipfelstra\u00dfe","publisher":{"@id":"https:\/\/www.gipfelstrasse.at\/#organization"},"potentialAction":[{"@type":"SearchAction","target":{"@type":"EntryPoint","urlTemplate":"https:\/\/www.gipfelstrasse.at\/?s={search_term_string}"},"query-input":{"@type":"PropertyValueSpecification","valueRequired":true,"valueName":"search_term_string"}}],"inLanguage":"en-US"},{"@type":"Organization","@id":"https:\/\/www.gipfelstrasse.at\/#organization","name":"Bringungsgemeinschaft FAW Sauerwald - Gerlitzen","url":"https:\/\/www.gipfelstrasse.at\/","logo":{"@type":"ImageObject","inLanguage":"en-US","@id":"https:\/\/www.gipfelstrasse.at\/#\/schema\/logo\/image\/","url":"https:\/\/www.gipfelstrasse.at\/wp-content\/uploads\/2018\/06\/cropped-gerlitzen_gipfelstrasse_headerlogo_dark.png","contentUrl":"https:\/\/www.gipfelstrasse.at\/wp-content\/uploads\/2018\/06\/cropped-gerlitzen_gipfelstrasse_headerlogo_dark.png","width":1335,"height":311,"caption":"Bringungsgemeinschaft FAW Sauerwald - Gerlitzen"},"image":{"@id":"https:\/\/www.gipfelstrasse.at\/#\/schema\/logo\/image\/"},"sameAs":["https:\/\/www.facebook.com\/pages\/Gerlitzen-Gipfelstra\u00dfe\/166033060243010"]}]}},"_links":{"self":[{"href":"https:\/\/www.gipfelstrasse.at\/en\/wp-json\/wp\/v2\/pages\/256","targetHints":{"allow":["GET"]}}],"collection":[{"href":"https:\/\/www.gipfelstrasse.at\/en\/wp-json\/wp\/v2\/pages"}],"about":[{"href":"https:\/\/www.gipfelstrasse.at\/en\/wp-json\/wp\/v2\/types\/page"}],"author":[{"embeddable":true,"href":"https:\/\/www.gipfelstrasse.at\/en\/wp-json\/wp\/v2\/users\/2"}],"replies":[{"embeddable":true,"href":"https:\/\/www.gipfelstrasse.at\/en\/wp-json\/wp\/v2\/comments?post=256"}],"version-history":[{"count":4,"href":"https:\/\/www.gipfelstrasse.at\/en\/wp-json\/wp\/v2\/pages\/256\/revisions"}],"predecessor-version":[{"id":556,"href":"https:\/\/www.gipfelstrasse.at\/en\/wp-json\/wp\/v2\/pages\/256\/revisions\/556"}],"wp:attachment":[{"href":"https:\/\/www.gipfelstrasse.at\/en\/wp-json\/wp\/v2\/media?parent=256"}],"curies":[{"name":"wp","href":"https:\/\/api.w.org\/{rel}","templated":true}]}}